{"id":3674,"date":"2025-06-02T11:24:28","date_gmt":"2025-06-02T09:24:28","guid":{"rendered":"https:\/\/skaar.media\/?post_type=product&#038;p=3674"},"modified":"2025-06-02T11:26:30","modified_gmt":"2025-06-02T09:26:30","slug":"digicert-basic-ev","status":"publish","type":"product","link":"https:\/\/skaar.media\/en\/product\/digicert-basic-ev\/","title":{"rendered":"digicert &#8211; Basic EV"},"content":{"rendered":"","protected":false},"excerpt":{"rendered":"<p data-start=\"0\" data-end=\"177\">Hvis nettstedet ditt ikke samler inn betalinger eller personlig informasjon, vil et DigiCert\u00ae Basic TLS-sertifikat gi deg den krypteringen du trenger \u2013 uten un\u00f8dvendige tillegg.<\/p>\n<p data-start=\"179\" data-end=\"338\" data-is-last-node=\"\" data-is-only-node=\"\">Dette essensielle sertifikatet lar deg aktivere HTTPS og skape tillit hos bes\u00f8kende, med fleksibel kryptering st\u00f8ttet av bransjens h\u00f8yest rangerte kundest\u00f8tte.<\/p>\n","protected":false},"featured_media":3675,"template":"","meta":{"content-type":""},"product_brand":[],"product_cat":[114],"product_tag":[],"class_list":{"0":"post-3674","1":"product","2":"type-product","3":"status-publish","4":"has-post-thumbnail","6":"product_cat-ssl-sertifikat","8":"first","9":"instock","10":"taxable","11":"shipping-taxable","12":"purchasable","13":"product-type-simple"},"_links":{"self":[{"href":"https:\/\/skaar.media\/en\/wp-json\/wp\/v2\/product\/3674","targetHints":{"allow":["GET"]}}],"collection":[{"href":"https:\/\/skaar.media\/en\/wp-json\/wp\/v2\/product"}],"about":[{"href":"https:\/\/skaar.media\/en\/wp-json\/wp\/v2\/types\/product"}],"wp:featuredmedia":[{"embeddable":true,"href":"https:\/\/skaar.media\/en\/wp-json\/wp\/v2\/media\/3675"}],"wp:attachment":[{"href":"https:\/\/skaar.media\/en\/wp-json\/wp\/v2\/media?parent=3674"}],"wp:term":[{"taxonomy":"product_brand","embeddable":true,"href":"https:\/\/skaar.media\/en\/wp-json\/wp\/v2\/product_brand?post=3674"},{"taxonomy":"product_cat","embeddable":true,"href":"https:\/\/skaar.media\/en\/wp-json\/wp\/v2\/product_cat?post=3674"},{"taxonomy":"product_tag","embeddable":true,"href":"https:\/\/skaar.media\/en\/wp-json\/wp\/v2\/product_tag?post=3674"}],"curies":[{"name":"wp","href":"https:\/\/api.w.org\/{rel}","templated":true}]}}