{"id":1779,"date":"2022-06-15T14:59:26","date_gmt":"2022-06-15T12:59:26","guid":{"rendered":"https:\/\/skaar.media\/?post_type=product&#038;p=1779"},"modified":"2022-06-15T14:59:26","modified_gmt":"2022-06-15T12:59:26","slug":"woocommerce-integrasjon-for-fiken","status":"publish","type":"product","link":"https:\/\/skaar.media\/en\/product\/woocommerce-integrasjon-for-fiken\/","title":{"rendered":"WooCommerce Integrasjon for Fiken"},"content":{"rendered":"<p>Lisensen inkluderer filer for integrasjon mellom Fiken og WooCommerce.<\/p>\n<p>1 \u00e5rs gratis oppdateringer fra kj\u00f8psdato<\/p>\n<p>Gjelder per aktiv nettbutikk (ta kontakt om du \u00f8nsker lisenser for flere domener da vi kan tilby avslag i pris)<\/p>\n","protected":false},"excerpt":{"rendered":"<p>Lisensen inkluderer filer for integrasjon mellom Fiken og WooCommerce. 1 \u00e5rs gratis oppdateringer fra kj\u00f8psdato Gjelder per aktiv nettbutikk (ta kontakt om du \u00f8nsker lisenser for flere domener da vi kan tilby avslag i pris)<\/p>\n","protected":false},"featured_media":0,"template":"","meta":{"content-type":""},"product_brand":[],"product_cat":[50,73,37],"product_tag":[],"class_list":{"0":"post-1779","1":"product","2":"type-product","3":"status-publish","5":"product_cat-utvidelser","6":"product_cat-woocommerce","7":"product_cat-wordpress","9":"first","10":"instock","11":"taxable","12":"shipping-taxable","13":"purchasable","14":"product-type-simple"},"_links":{"self":[{"href":"https:\/\/skaar.media\/en\/wp-json\/wp\/v2\/product\/1779","targetHints":{"allow":["GET"]}}],"collection":[{"href":"https:\/\/skaar.media\/en\/wp-json\/wp\/v2\/product"}],"about":[{"href":"https:\/\/skaar.media\/en\/wp-json\/wp\/v2\/types\/product"}],"wp:attachment":[{"href":"https:\/\/skaar.media\/en\/wp-json\/wp\/v2\/media?parent=1779"}],"wp:term":[{"taxonomy":"product_brand","embeddable":true,"href":"https:\/\/skaar.media\/en\/wp-json\/wp\/v2\/product_brand?post=1779"},{"taxonomy":"product_cat","embeddable":true,"href":"https:\/\/skaar.media\/en\/wp-json\/wp\/v2\/product_cat?post=1779"},{"taxonomy":"product_tag","embeddable":true,"href":"https:\/\/skaar.media\/en\/wp-json\/wp\/v2\/product_tag?post=1779"}],"curies":[{"name":"wp","href":"https:\/\/api.w.org\/{rel}","templated":true}]}}