{"id":1093,"date":"2021-05-15T13:56:57","date_gmt":"2021-05-15T13:56:57","guid":{"rendered":"https:\/\/skaar.media\/?post_type=product&#038;p=1093"},"modified":"2021-05-15T20:03:00","modified_gmt":"2021-05-15T18:03:00","slug":"rank-math-pro","status":"publish","type":"product","link":"https:\/\/skaar.media\/en\/product\/rank-math-pro\/","title":{"rendered":"Rank Math Pro"},"content":{"rendered":"<p>Rankmath PRO er et SEO-plugin for WordPress-nettsteder som lar deg indeksere nettstedet ditt og hjelpe deg med \u00e5 rangere s\u00f8kemotorene. Den integreres godt med WordPress-sidebygere og kommer med SEO-funksjoner som kan gj\u00f8re SEO enkel for alle nybegynnere.<\/p>\n","protected":false},"excerpt":{"rendered":"<p>1 \u00e5rs lisens med Rank Math Pro. Vi tilbyr ogs\u00e5 installasjon og assistanse med oppsett.<\/p>\n","protected":false},"featured_media":1096,"template":"","meta":{"content-type":""},"product_brand":[],"product_cat":[50],"product_tag":[],"class_list":{"0":"post-1093","1":"product","2":"type-product","3":"status-publish","4":"has-post-thumbnail","6":"product_cat-utvidelser","8":"first","9":"instock","10":"taxable","11":"shipping-taxable","12":"purchasable","13":"product-type-variable"},"_links":{"self":[{"href":"https:\/\/skaar.media\/en\/wp-json\/wp\/v2\/product\/1093","targetHints":{"allow":["GET"]}}],"collection":[{"href":"https:\/\/skaar.media\/en\/wp-json\/wp\/v2\/product"}],"about":[{"href":"https:\/\/skaar.media\/en\/wp-json\/wp\/v2\/types\/product"}],"wp:featuredmedia":[{"embeddable":true,"href":"https:\/\/skaar.media\/en\/wp-json\/wp\/v2\/media\/1096"}],"wp:attachment":[{"href":"https:\/\/skaar.media\/en\/wp-json\/wp\/v2\/media?parent=1093"}],"wp:term":[{"taxonomy":"product_brand","embeddable":true,"href":"https:\/\/skaar.media\/en\/wp-json\/wp\/v2\/product_brand?post=1093"},{"taxonomy":"product_cat","embeddable":true,"href":"https:\/\/skaar.media\/en\/wp-json\/wp\/v2\/product_cat?post=1093"},{"taxonomy":"product_tag","embeddable":true,"href":"https:\/\/skaar.media\/en\/wp-json\/wp\/v2\/product_tag?post=1093"}],"curies":[{"name":"wp","href":"https:\/\/api.w.org\/{rel}","templated":true}]}}